{"id":11233,"date":"2026-01-07T14:44:22","date_gmt":"2026-01-07T14:44:22","guid":{"rendered":"https:\/\/mesqcaravan.com\/?page_id=11233"},"modified":"2026-01-07T14:46:34","modified_gmt":"2026-01-07T14:46:34","slug":"tutoriales","status":"publish","type":"page","link":"https:\/\/mesqcaravan.com\/fr\/tutoriales\/","title":{"rendered":"Tutoriales"},"content":{"rendered":"<div data-elementor-type=\"wp-page\" data-elementor-id=\"11233\" class=\"elementor elementor-11233\" data-elementor-post-type=\"page\">\n\t\t\t\t<div class=\"elementor-element elementor-element-038d798 e-flex e-con-boxed e-con e-parent\" data-id=\"038d798\" data-element_type=\"container\" data-e-type=\"container\">\n\t\t\t\t\t<div class=\"e-con-inner\">\n\t\t\t\t<div class=\"elementor-element elementor-element-ff7d115 elementor-widget elementor-widget-text-editor\" data-id=\"ff7d115\" data-element_type=\"widget\" data-e-type=\"widget\" data-widget_type=\"text-editor.default\">\n\t\t\t\t\t\t\t\t\t<h1>Tutoriales<\/h1>\t\t\t\t\t\t\t\t<\/div>\n\t\t\t\t\t<\/div>\n\t\t\t\t<\/div>\n\t\t<div class=\"elementor-element elementor-element-277a4d5 e-flex e-con-boxed e-con e-parent\" data-id=\"277a4d5\" data-element_type=\"container\" data-e-type=\"container\">\n\t\t\t\t\t<div class=\"e-con-inner\">\n\t\t\t\t<div class=\"elementor-element elementor-element-b1505eb e-n-tabs-mobile elementor-widget elementor-widget-n-tabs\" data-id=\"b1505eb\" data-element_type=\"widget\" data-e-type=\"widget\" data-settings=\"{&quot;horizontal_scroll&quot;:&quot;disable&quot;}\" data-widget_type=\"nested-tabs.default\">\n\t\t\t\t\t\t\t<div class=\"e-n-tabs\" data-widget-number=\"185927147\" aria-label=\"Onglets. Ouvrez des \u00e9l\u00e9ments avec Entrer ou Espace, fermez-les avec Echape et naviguez \u00e0 l&#039;aide des touches fl\u00e9ch\u00e9es.\">\n\t\t\t<div class=\"e-n-tabs-heading\" role=\"tablist\">\n\t\t\t\t\t<button id=\"e-n-tab-title-1859271471\" data-tab-title-id=\"e-n-tab-title-1859271471\" class=\"e-n-tab-title\" aria-selected=\"true\" data-tab-index=\"1\" role=\"tab\" tabindex=\"0\" aria-controls=\"e-n-tab-content-1859271471\" style=\"--n-tabs-title-order: 1;\">\n\t\t\t\t\t\t<span class=\"e-n-tab-title-text\">\n\t\t\t\tGlamys 320\t\t\t<\/span>\n\t\t<\/button>\n\t\t\t\t<button id=\"e-n-tab-title-1859271472\" data-tab-title-id=\"e-n-tab-title-1859271472\" class=\"e-n-tab-title\" aria-selected=\"false\" data-tab-index=\"2\" role=\"tab\" tabindex=\"-1\" aria-controls=\"e-n-tab-content-1859271472\" style=\"--n-tabs-title-order: 2;\">\n\t\t\t\t\t\t<span class=\"e-n-tab-title-text\">\n\t\t\t\tTessoro T463\t\t\t<\/span>\n\t\t<\/button>\n\t\t\t\t\t<\/div>\n\t\t\t<div class=\"e-n-tabs-content\">\n\t\t\t\t<div id=\"e-n-tab-content-1859271471\" role=\"tabpanel\" aria-labelledby=\"e-n-tab-title-1859271471\" data-tab-index=\"1\" style=\"--n-tabs-title-order: 1;\" class=\"e-active elementor-element elementor-element-72dd174 e-con-full e-flex e-con e-child\" data-id=\"72dd174\" data-element_type=\"container\" data-e-type=\"container\">\n\t\t\t\t<\/div>\n\t\t<div id=\"e-n-tab-content-1859271472\" role=\"tabpanel\" aria-labelledby=\"e-n-tab-title-1859271472\" data-tab-index=\"2\" style=\"--n-tabs-title-order: 2;\" class=\"elementor-element elementor-element-bfd4764 e-con-full e-flex e-con e-child\" data-id=\"bfd4764\" data-element_type=\"container\" data-e-type=\"container\">\n\t\t\t\t<\/div>\n\t\t\t\t\t<\/div>\n\t\t<\/div>\n\t\t\t\t\t\t<\/div>\n\t\t\t\t\t<\/div>\n\t\t\t\t<\/div>\n\t\t\t\t<\/div>\n\t\t\n    <div class=\"xs_social_share_widget xs_share_url after_content \t\tmain_content  wslu-style-1 wslu-share-box-shaped wslu-fill-colored wslu-none wslu-share-horizontal wslu-theme-font-no wslu-main_content\">\n\n\t\t\n        <ul>\n\t\t\t        <\/ul>\n    <\/div>","protected":false},"excerpt":{"rendered":"<p>Tutoriales Glamys 320 Tessoro T463<\/p>","protected":false},"author":1,"featured_media":0,"parent":0,"menu_order":0,"comment_status":"closed","ping_status":"closed","template":"","meta":{"inline_featured_image":false,"_joinchat":[],"footnotes":""},"class_list":["post-11233","page","type-page","status-publish","hentry"],"yoast_head":"<!-- This site is optimized with the Yoast SEO Premium plugin v26.9 (Yoast SEO v27.1.1) - https:\/\/yoast.com\/product\/yoast-seo-premium-wordpress\/ -->\n<title>Tutoriales - Mes Q Caravan<\/title>\n<meta name=\"robots\" content=\"index, follow, max-snippet:-1, max-image-preview:large, max-video-preview:-1\" \/>\n<link rel=\"canonical\" href=\"https:\/\/mesqcaravan.com\/fr\/tutoriales\/\" \/>\n<meta property=\"og:locale\" content=\"fr_FR\" \/>\n<meta property=\"og:type\" content=\"article\" \/>\n<meta property=\"og:title\" content=\"Tutoriales\" \/>\n<meta property=\"og:description\" content=\"Tutoriales Glamys 320 Tessoro T463\" \/>\n<meta property=\"og:url\" content=\"https:\/\/mesqcaravan.com\/fr\/tutoriales\/\" \/>\n<meta property=\"og:site_name\" content=\"Mes Q Caravan\" \/>\n<meta property=\"article:modified_time\" content=\"2026-01-07T14:46:34+00:00\" \/>\n<meta name=\"twitter:card\" content=\"summary_large_image\" \/>\n<script type=\"application\/ld+json\" class=\"yoast-schema-graph\">{\"@context\":\"https:\/\/schema.org\",\"@graph\":[{\"@type\":\"WebPage\",\"@id\":\"https:\/\/mesqcaravan.com\/tutoriales\/\",\"url\":\"https:\/\/mesqcaravan.com\/tutoriales\/\",\"name\":\"Tutoriales - Mes Q Caravan\",\"isPartOf\":{\"@id\":\"https:\/\/mesqcaravan.com\/#website\"},\"datePublished\":\"2026-01-07T14:44:22+00:00\",\"dateModified\":\"2026-01-07T14:46:34+00:00\",\"breadcrumb\":{\"@id\":\"https:\/\/mesqcaravan.com\/tutoriales\/#breadcrumb\"},\"inLanguage\":\"fr-FR\",\"potentialAction\":[{\"@type\":\"ReadAction\",\"target\":[\"https:\/\/mesqcaravan.com\/tutoriales\/\"]}]},{\"@type\":\"BreadcrumbList\",\"@id\":\"https:\/\/mesqcaravan.com\/tutoriales\/#breadcrumb\",\"itemListElement\":[{\"@type\":\"ListItem\",\"position\":1,\"name\":\"Portada\",\"item\":\"https:\/\/mesqcaravan.com\/\"},{\"@type\":\"ListItem\",\"position\":2,\"name\":\"Tutoriales\"}]},{\"@type\":\"WebSite\",\"@id\":\"https:\/\/mesqcaravan.com\/#website\",\"url\":\"https:\/\/mesqcaravan.com\/\",\"name\":\"Mes Q Caravan\",\"description\":\"Alquiler de autocaravanas\",\"publisher\":{\"@id\":\"https:\/\/mesqcaravan.com\/#organization\"},\"potentialAction\":[{\"@type\":\"SearchAction\",\"target\":{\"@type\":\"EntryPoint\",\"urlTemplate\":\"https:\/\/mesqcaravan.com\/?s={search_term_string}\"},\"query-input\":{\"@type\":\"PropertyValueSpecification\",\"valueRequired\":true,\"valueName\":\"search_term_string\"}}],\"inLanguage\":\"fr-FR\"},{\"@type\":\"Organization\",\"@id\":\"https:\/\/mesqcaravan.com\/#organization\",\"name\":\"Mes Q Caravan\",\"url\":\"https:\/\/mesqcaravan.com\/\",\"logo\":{\"@type\":\"ImageObject\",\"inLanguage\":\"fr-FR\",\"@id\":\"https:\/\/mesqcaravan.com\/#\/schema\/logo\/image\/\",\"url\":\"https:\/\/mesqcaravan.com\/wp-content\/uploads\/2025\/12\/Logotipo-Negro.svg\",\"contentUrl\":\"https:\/\/mesqcaravan.com\/wp-content\/uploads\/2025\/12\/Logotipo-Negro.svg\",\"width\":1134,\"height\":451,\"caption\":\"Mes Q Caravan\"},\"image\":{\"@id\":\"https:\/\/mesqcaravan.com\/#\/schema\/logo\/image\/\"}}]}<\/script>\n<!-- \/ Yoast SEO Premium plugin. -->","yoast_head_json":{"title":"Tutoriales - Mes Q Caravan","robots":{"index":"index","follow":"follow","max-snippet":"max-snippet:-1","max-image-preview":"max-image-preview:large","max-video-preview":"max-video-preview:-1"},"canonical":"https:\/\/mesqcaravan.com\/fr\/tutoriales\/","og_locale":"fr_FR","og_type":"article","og_title":"Tutoriales","og_description":"Tutoriales Glamys 320 Tessoro T463","og_url":"https:\/\/mesqcaravan.com\/fr\/tutoriales\/","og_site_name":"Mes Q Caravan","article_modified_time":"2026-01-07T14:46:34+00:00","twitter_card":"summary_large_image","schema":{"@context":"https:\/\/schema.org","@graph":[{"@type":"WebPage","@id":"https:\/\/mesqcaravan.com\/tutoriales\/","url":"https:\/\/mesqcaravan.com\/tutoriales\/","name":"Tutoriales - Mes Q Caravan","isPartOf":{"@id":"https:\/\/mesqcaravan.com\/#website"},"datePublished":"2026-01-07T14:44:22+00:00","dateModified":"2026-01-07T14:46:34+00:00","breadcrumb":{"@id":"https:\/\/mesqcaravan.com\/tutoriales\/#breadcrumb"},"inLanguage":"fr-FR","potentialAction":[{"@type":"ReadAction","target":["https:\/\/mesqcaravan.com\/tutoriales\/"]}]},{"@type":"BreadcrumbList","@id":"https:\/\/mesqcaravan.com\/tutoriales\/#breadcrumb","itemListElement":[{"@type":"ListItem","position":1,"name":"Portada","item":"https:\/\/mesqcaravan.com\/"},{"@type":"ListItem","position":2,"name":"Tutoriales"}]},{"@type":"WebSite","@id":"https:\/\/mesqcaravan.com\/#website","url":"https:\/\/mesqcaravan.com\/","name":"Mes Q Caravan","description":"Alquiler de autocaravanas","publisher":{"@id":"https:\/\/mesqcaravan.com\/#organization"},"potentialAction":[{"@type":"SearchAction","target":{"@type":"EntryPoint","urlTemplate":"https:\/\/mesqcaravan.com\/?s={search_term_string}"},"query-input":{"@type":"PropertyValueSpecification","valueRequired":true,"valueName":"search_term_string"}}],"inLanguage":"fr-FR"},{"@type":"Organization","@id":"https:\/\/mesqcaravan.com\/#organization","name":"Mes Q Caravan","url":"https:\/\/mesqcaravan.com\/","logo":{"@type":"ImageObject","inLanguage":"fr-FR","@id":"https:\/\/mesqcaravan.com\/#\/schema\/logo\/image\/","url":"https:\/\/mesqcaravan.com\/wp-content\/uploads\/2025\/12\/Logotipo-Negro.svg","contentUrl":"https:\/\/mesqcaravan.com\/wp-content\/uploads\/2025\/12\/Logotipo-Negro.svg","width":1134,"height":451,"caption":"Mes Q Caravan"},"image":{"@id":"https:\/\/mesqcaravan.com\/#\/schema\/logo\/image\/"}}]}},"_links":{"self":[{"href":"https:\/\/mesqcaravan.com\/fr\/wp-json\/wp\/v2\/pages\/11233","targetHints":{"allow":["GET"]}}],"collection":[{"href":"https:\/\/mesqcaravan.com\/fr\/wp-json\/wp\/v2\/pages"}],"about":[{"href":"https:\/\/mesqcaravan.com\/fr\/wp-json\/wp\/v2\/types\/page"}],"author":[{"embeddable":true,"href":"https:\/\/mesqcaravan.com\/fr\/wp-json\/wp\/v2\/users\/1"}],"replies":[{"embeddable":true,"href":"https:\/\/mesqcaravan.com\/fr\/wp-json\/wp\/v2\/comments?post=11233"}],"version-history":[{"count":4,"href":"https:\/\/mesqcaravan.com\/fr\/wp-json\/wp\/v2\/pages\/11233\/revisions"}],"predecessor-version":[{"id":11237,"href":"https:\/\/mesqcaravan.com\/fr\/wp-json\/wp\/v2\/pages\/11233\/revisions\/11237"}],"wp:attachment":[{"href":"https:\/\/mesqcaravan.com\/fr\/wp-json\/wp\/v2\/media?parent=11233"}],"curies":[{"name":"wp","href":"https:\/\/api.w.org\/{rel}","templated":true}]}}