{"id":11201,"date":"2026-01-07T14:18:15","date_gmt":"2026-01-07T14:18:15","guid":{"rendered":"https:\/\/mesqcaravan.com\/?page_id=11201"},"modified":"2026-02-20T16:38:15","modified_gmt":"2026-02-20T15:38:15","slug":"noticias","status":"publish","type":"page","link":"https:\/\/mesqcaravan.com\/de\/noticias\/","title":{"rendered":"Noticias"},"content":{"rendered":"<div data-elementor-type=\"wp-page\" data-elementor-id=\"11201\" class=\"elementor elementor-11201\" data-elementor-post-type=\"page\">\n\t\t\t\t<div class=\"elementor-element elementor-element-7a72664 e-flex e-con-boxed e-con e-parent\" data-id=\"7a72664\" data-element_type=\"container\" data-e-type=\"container\">\n\t\t\t\t\t<div class=\"e-con-inner\">\n\t\t\t\t<div class=\"elementor-element elementor-element-a214c7d elementor-widget elementor-widget-text-editor\" data-id=\"a214c7d\" data-element_type=\"widget\" data-e-type=\"widget\" data-widget_type=\"text-editor.default\">\n\t\t\t\t\t\t\t\t\t<h1>Blog<\/h1>\t\t\t\t\t\t\t\t<\/div>\n\t\t\t\t\t<\/div>\n\t\t\t\t<\/div>\n\t\t<div class=\"elementor-element elementor-element-dee47ba e-flex e-con-boxed e-con e-parent\" data-id=\"dee47ba\" data-element_type=\"container\" data-e-type=\"container\">\n\t\t\t\t\t<div class=\"e-con-inner\">\n\t\t\t\t<div class=\"elementor-element elementor-element-c2c1876 elementor-grid-3 elementor-grid-tablet-2 elementor-grid-mobile-1 elementor-posts--thumbnail-top elementor-card-shadow-yes elementor-posts__hover-gradient load-more-align-center elementor-widget elementor-widget-posts\" data-id=\"c2c1876\" data-element_type=\"widget\" data-e-type=\"widget\" data-settings=\"{&quot;pagination_type&quot;:&quot;load_more_on_click&quot;,&quot;cards_columns&quot;:&quot;3&quot;,&quot;cards_columns_tablet&quot;:&quot;2&quot;,&quot;cards_columns_mobile&quot;:&quot;1&quot;,&quot;cards_row_gap&quot;:{&quot;unit&quot;:&quot;px&quot;,&quot;size&quot;:35,&quot;sizes&quot;:[]},&quot;cards_row_gap_tablet&quot;:{&quot;unit&quot;:&quot;px&quot;,&quot;size&quot;:&quot;&quot;,&quot;sizes&quot;:[]},&quot;cards_row_gap_mobile&quot;:{&quot;unit&quot;:&quot;px&quot;,&quot;size&quot;:&quot;&quot;,&quot;sizes&quot;:[]},&quot;load_more_spinner&quot;:{&quot;value&quot;:&quot;fas fa-spinner&quot;,&quot;library&quot;:&quot;fa-solid&quot;}}\" data-widget_type=\"posts.cards\">\n\t\t\t\t<div class=\"elementor-widget-container\">\n\t\t\t\t\t\t\t<div class=\"elementor-posts-container elementor-posts elementor-posts--skin-cards elementor-grid\" role=\"list\">\n\t\t\t\t<article class=\"elementor-post elementor-grid-item post-11690 post type-post status-publish format-standard has-post-thumbnail hentry category-autocaravanas\" role=\"listitem\">\n\t\t\t<div class=\"elementor-post__card\">\n\t\t\t\t<a class=\"elementor-post__thumbnail__link\" href=\"https:\/\/mesqcaravan.com\/de\/alquiler-motorhome-barcelona\/\" tabindex=\"-1\" ><div class=\"elementor-post__thumbnail\"><img fetchpriority=\"high\" decoding=\"async\" width=\"768\" height=\"512\" src=\"https:\/\/mesqcaravan.com\/wp-content\/uploads\/2026\/03\/alquiler-motorhome-barcelona-768x512.jpg\" class=\"attachment-medium_large size-medium_large wp-image-11691\" alt=\"interior de una autocaravana o motorhome en alquiler\" srcset=\"https:\/\/mesqcaravan.com\/wp-content\/uploads\/2026\/03\/alquiler-motorhome-barcelona-768x512.jpg 768w, https:\/\/mesqcaravan.com\/wp-content\/uploads\/2026\/03\/alquiler-motorhome-barcelona-300x200.jpg 300w, https:\/\/mesqcaravan.com\/wp-content\/uploads\/2026\/03\/alquiler-motorhome-barcelona-1024x683.jpg 1024w, https:\/\/mesqcaravan.com\/wp-content\/uploads\/2026\/03\/alquiler-motorhome-barcelona-1536x1024.jpg 1536w, https:\/\/mesqcaravan.com\/wp-content\/uploads\/2026\/03\/alquiler-motorhome-barcelona-2048x1366.jpg 2048w, https:\/\/mesqcaravan.com\/wp-content\/uploads\/2026\/03\/alquiler-motorhome-barcelona-18x12.jpg 18w, https:\/\/mesqcaravan.com\/wp-content\/uploads\/2026\/03\/alquiler-motorhome-barcelona-600x400.jpg 600w\" sizes=\"(max-width: 768px) 100vw, 768px\" \/><\/div><\/a>\n\t\t\t\t<div class=\"elementor-post__badge\">Autocaravanas<\/div>\n\t\t\t\t<div class=\"elementor-post__text\">\n\t\t\t\t<h3 class=\"elementor-post__title\">\n\t\t\t<a href=\"https:\/\/mesqcaravan.com\/de\/alquiler-motorhome-barcelona\/\" >\n\t\t\t\tAlquiler de Motorhome en Barcelona: Tu Aventura Pet Friendly\t\t\t<\/a>\n\t\t<\/h3>\n\t\t\t\t<div class=\"elementor-post__excerpt\">\n\t\t\t<p>\u00bfEst\u00e1s buscando un alquiler de motorhome en Barcelona para tu pr\u00f3ximo viaje? Si has llegado hasta aqu\u00ed probablemente ya sabes que viajar en motorhome es<\/p>\n\t\t<\/div>\n\t\t\n\t\t<a class=\"elementor-post__read-more\" href=\"https:\/\/mesqcaravan.com\/de\/alquiler-motorhome-barcelona\/\" aria-label=\"Mehr \u00fcber Alquiler de Motorhome en Barcelona: Tu Aventura Pet Friendly\" tabindex=\"-1\" >\n\t\t\tLeer m\u00e1s \u00bb\t\t<\/a>\n\n\t\t\t\t<\/div>\n\t\t\t\t<div class=\"elementor-post__meta-data\">\n\t\t\t\t\t<span class=\"elementor-post-date\">\n\t\t\tM\u00e4rz 17, 2026\t\t<\/span>\n\t\t\t\t<\/div>\n\t\t\t\t\t<\/div>\n\t\t<\/article>\n\t\t\t\t<article class=\"elementor-post elementor-grid-item post-11543 post type-post status-publish format-standard has-post-thumbnail hentry category-autocaravanas\" role=\"listitem\">\n\t\t\t<div class=\"elementor-post__card\">\n\t\t\t\t<a class=\"elementor-post__thumbnail__link\" href=\"https:\/\/mesqcaravan.com\/de\/alquiler-autocaravana-fin-de-semana\/\" tabindex=\"-1\" ><div class=\"elementor-post__thumbnail\"><img decoding=\"async\" width=\"612\" height=\"336\" src=\"https:\/\/mesqcaravan.com\/wp-content\/uploads\/2026\/02\/alquiler-autocaravana-fin-de-semana.jpg\" class=\"attachment-medium_large size-medium_large wp-image-11544\" alt=\"alquiler autocaravana fin de semana\" srcset=\"https:\/\/mesqcaravan.com\/wp-content\/uploads\/2026\/02\/alquiler-autocaravana-fin-de-semana.jpg 612w, https:\/\/mesqcaravan.com\/wp-content\/uploads\/2026\/02\/alquiler-autocaravana-fin-de-semana-300x165.jpg 300w, https:\/\/mesqcaravan.com\/wp-content\/uploads\/2026\/02\/alquiler-autocaravana-fin-de-semana-18x10.jpg 18w, https:\/\/mesqcaravan.com\/wp-content\/uploads\/2026\/02\/alquiler-autocaravana-fin-de-semana-600x329.jpg 600w\" sizes=\"(max-width: 612px) 100vw, 612px\" \/><\/div><\/a>\n\t\t\t\t<div class=\"elementor-post__badge\">Autocaravanas<\/div>\n\t\t\t\t<div class=\"elementor-post__text\">\n\t\t\t\t<h3 class=\"elementor-post__title\">\n\t\t\t<a href=\"https:\/\/mesqcaravan.com\/de\/alquiler-autocaravana-fin-de-semana\/\" >\n\t\t\t\tAlquiler de Autocaravana un Fin de Semana: Escapadas desde Barcelona\t\t\t<\/a>\n\t\t<\/h3>\n\t\t\t\t<div class=\"elementor-post__excerpt\">\n\t\t\t<p>Imagina que el viernes por la ma\u00f1ana recoges una autocaravana totalmente equipada y ese mismo d\u00eda ya est\u00e1s disfrutando de la naturaleza, cenando bajo las<\/p>\n\t\t<\/div>\n\t\t\n\t\t<a class=\"elementor-post__read-more\" href=\"https:\/\/mesqcaravan.com\/de\/alquiler-autocaravana-fin-de-semana\/\" aria-label=\"Mehr \u00fcber Alquiler de Autocaravana un Fin de Semana: Escapadas desde Barcelona\" tabindex=\"-1\" >\n\t\t\tLeer m\u00e1s \u00bb\t\t<\/a>\n\n\t\t\t\t<\/div>\n\t\t\t\t<div class=\"elementor-post__meta-data\">\n\t\t\t\t\t<span class=\"elementor-post-date\">\n\t\t\tFebruar 20, 2026\t\t<\/span>\n\t\t\t\t<\/div>\n\t\t\t\t\t<\/div>\n\t\t<\/article>\n\t\t\t\t<\/div>\n\t\t\t\t\t<span class=\"e-load-more-spinner\">\n\t\t\t\t<svg aria-hidden=\"true\" class=\"e-font-icon-svg e-fas-spinner\" viewbox=\"0 0 512 512\" xmlns=\"http:\/\/www.w3.org\/2000\/svg\"><path d=\"M304 48c0 26.51-21.49 48-48 48s-48-21.49-48-48 21.49-48 48-48 48 21.49 48 48zm-48 368c-26.51 0-48 21.49-48 48s21.49 48 48 48 48-21.49 48-48-21.49-48-48-48zm208-208c-26.51 0-48 21.49-48 48s21.49 48 48 48 48-21.49 48-48-21.49-48-48-48zM96 256c0-26.51-21.49-48-48-48S0 229.49 0 256s21.49 48 48 48 48-21.49 48-48zm12.922 99.078c-26.51 0-48 21.49-48 48s21.49 48 48 48 48-21.49 48-48c0-26.509-21.491-48-48-48zm294.156 0c-26.51 0-48 21.49-48 48s21.49 48 48 48 48-21.49 48-48c0-26.509-21.49-48-48-48zM108.922 60.922c-26.51 0-48 21.49-48 48s21.49 48 48 48 48-21.49 48-48-21.491-48-48-48z\"><\/path><\/svg>\t\t\t<\/span>\n\t\t\n\t\t\t\t\t\t<\/div>\n\t\t\t\t<\/div>\n\t\t\t\t\t<\/div>\n\t\t\t\t<\/div>\n\t\t\t\t<\/div>\n\t\t\n    <div class=\"xs_social_share_widget xs_share_url after_content \t\tmain_content  wslu-style-1 wslu-share-box-shaped wslu-fill-colored wslu-none wslu-share-horizontal wslu-theme-font-no wslu-main_content\">\n\n\t\t\n        <ul>\n\t\t\t        <\/ul>\n    <\/div>","protected":false},"excerpt":{"rendered":"<p>Blog<\/p>","protected":false},"author":1,"featured_media":0,"parent":0,"menu_order":0,"comment_status":"closed","ping_status":"closed","template":"elementor_header_footer","meta":{"inline_featured_image":false,"_joinchat":[],"footnotes":""},"class_list":["post-11201","page","type-page","status-publish","hentry"],"yoast_head":"<!-- This site is optimized with the Yoast SEO Premium plugin v26.9 (Yoast SEO v27.1.1) - https:\/\/yoast.com\/product\/yoast-seo-premium-wordpress\/ -->\n<title>Noticias - Mes Q Caravan<\/title>\n<meta name=\"robots\" content=\"index, follow, max-snippet:-1, max-image-preview:large, max-video-preview:-1\" \/>\n<link rel=\"canonical\" href=\"https:\/\/mesqcaravan.com\/de\/noticias\/\" \/>\n<meta property=\"og:locale\" content=\"de_DE\" \/>\n<meta property=\"og:type\" content=\"article\" \/>\n<meta property=\"og:title\" content=\"Noticias\" \/>\n<meta property=\"og:description\" content=\"Blog\" \/>\n<meta property=\"og:url\" content=\"https:\/\/mesqcaravan.com\/de\/noticias\/\" \/>\n<meta property=\"og:site_name\" content=\"Mes Q Caravan\" \/>\n<meta property=\"article:modified_time\" content=\"2026-02-20T15:38:15+00:00\" \/>\n<meta name=\"twitter:card\" content=\"summary_large_image\" \/>\n<meta name=\"twitter:label1\" content=\"Gesch\u00e4tzte Lesezeit\" \/>\n\t<meta name=\"twitter:data1\" content=\"1\u00a0Minute\" \/>\n<script type=\"application\/ld+json\" class=\"yoast-schema-graph\">{\"@context\":\"https:\/\/schema.org\",\"@graph\":[{\"@type\":\"WebPage\",\"@id\":\"https:\/\/mesqcaravan.com\/noticias\/\",\"url\":\"https:\/\/mesqcaravan.com\/noticias\/\",\"name\":\"Noticias - Mes Q Caravan\",\"isPartOf\":{\"@id\":\"https:\/\/mesqcaravan.com\/#website\"},\"datePublished\":\"2026-01-07T14:18:15+00:00\",\"dateModified\":\"2026-02-20T15:38:15+00:00\",\"breadcrumb\":{\"@id\":\"https:\/\/mesqcaravan.com\/noticias\/#breadcrumb\"},\"inLanguage\":\"de\",\"potentialAction\":[{\"@type\":\"ReadAction\",\"target\":[\"https:\/\/mesqcaravan.com\/noticias\/\"]}]},{\"@type\":\"BreadcrumbList\",\"@id\":\"https:\/\/mesqcaravan.com\/noticias\/#breadcrumb\",\"itemListElement\":[{\"@type\":\"ListItem\",\"position\":1,\"name\":\"Portada\",\"item\":\"https:\/\/mesqcaravan.com\/\"},{\"@type\":\"ListItem\",\"position\":2,\"name\":\"Noticias\"}]},{\"@type\":\"WebSite\",\"@id\":\"https:\/\/mesqcaravan.com\/#website\",\"url\":\"https:\/\/mesqcaravan.com\/\",\"name\":\"Mes Q Caravan\",\"description\":\"Alquiler de autocaravanas\",\"publisher\":{\"@id\":\"https:\/\/mesqcaravan.com\/#organization\"},\"potentialAction\":[{\"@type\":\"SearchAction\",\"target\":{\"@type\":\"EntryPoint\",\"urlTemplate\":\"https:\/\/mesqcaravan.com\/?s={search_term_string}\"},\"query-input\":{\"@type\":\"PropertyValueSpecification\",\"valueRequired\":true,\"valueName\":\"search_term_string\"}}],\"inLanguage\":\"de\"},{\"@type\":\"Organization\",\"@id\":\"https:\/\/mesqcaravan.com\/#organization\",\"name\":\"Mes Q Caravan\",\"url\":\"https:\/\/mesqcaravan.com\/\",\"logo\":{\"@type\":\"ImageObject\",\"inLanguage\":\"de\",\"@id\":\"https:\/\/mesqcaravan.com\/#\/schema\/logo\/image\/\",\"url\":\"https:\/\/mesqcaravan.com\/wp-content\/uploads\/2025\/12\/Logotipo-Negro.svg\",\"contentUrl\":\"https:\/\/mesqcaravan.com\/wp-content\/uploads\/2025\/12\/Logotipo-Negro.svg\",\"width\":1134,\"height\":451,\"caption\":\"Mes Q Caravan\"},\"image\":{\"@id\":\"https:\/\/mesqcaravan.com\/#\/schema\/logo\/image\/\"}}]}<\/script>\n<!-- \/ Yoast SEO Premium plugin. -->","yoast_head_json":{"title":"Noticias - Mes Q Caravan","robots":{"index":"index","follow":"follow","max-snippet":"max-snippet:-1","max-image-preview":"max-image-preview:large","max-video-preview":"max-video-preview:-1"},"canonical":"https:\/\/mesqcaravan.com\/de\/noticias\/","og_locale":"de_DE","og_type":"article","og_title":"Noticias","og_description":"Blog","og_url":"https:\/\/mesqcaravan.com\/de\/noticias\/","og_site_name":"Mes Q Caravan","article_modified_time":"2026-02-20T15:38:15+00:00","twitter_card":"summary_large_image","twitter_misc":{"Gesch\u00e4tzte Lesezeit":"1\u00a0Minute"},"schema":{"@context":"https:\/\/schema.org","@graph":[{"@type":"WebPage","@id":"https:\/\/mesqcaravan.com\/noticias\/","url":"https:\/\/mesqcaravan.com\/noticias\/","name":"Noticias - Mes Q Caravan","isPartOf":{"@id":"https:\/\/mesqcaravan.com\/#website"},"datePublished":"2026-01-07T14:18:15+00:00","dateModified":"2026-02-20T15:38:15+00:00","breadcrumb":{"@id":"https:\/\/mesqcaravan.com\/noticias\/#breadcrumb"},"inLanguage":"de","potentialAction":[{"@type":"ReadAction","target":["https:\/\/mesqcaravan.com\/noticias\/"]}]},{"@type":"BreadcrumbList","@id":"https:\/\/mesqcaravan.com\/noticias\/#breadcrumb","itemListElement":[{"@type":"ListItem","position":1,"name":"Portada","item":"https:\/\/mesqcaravan.com\/"},{"@type":"ListItem","position":2,"name":"Noticias"}]},{"@type":"WebSite","@id":"https:\/\/mesqcaravan.com\/#website","url":"https:\/\/mesqcaravan.com\/","name":"Mes Q Caravan","description":"Alquiler de autocaravanas","publisher":{"@id":"https:\/\/mesqcaravan.com\/#organization"},"potentialAction":[{"@type":"SearchAction","target":{"@type":"EntryPoint","urlTemplate":"https:\/\/mesqcaravan.com\/?s={search_term_string}"},"query-input":{"@type":"PropertyValueSpecification","valueRequired":true,"valueName":"search_term_string"}}],"inLanguage":"de"},{"@type":"Organization","@id":"https:\/\/mesqcaravan.com\/#organization","name":"Mes Q Caravan","url":"https:\/\/mesqcaravan.com\/","logo":{"@type":"ImageObject","inLanguage":"de","@id":"https:\/\/mesqcaravan.com\/#\/schema\/logo\/image\/","url":"https:\/\/mesqcaravan.com\/wp-content\/uploads\/2025\/12\/Logotipo-Negro.svg","contentUrl":"https:\/\/mesqcaravan.com\/wp-content\/uploads\/2025\/12\/Logotipo-Negro.svg","width":1134,"height":451,"caption":"Mes Q Caravan"},"image":{"@id":"https:\/\/mesqcaravan.com\/#\/schema\/logo\/image\/"}}]}},"_links":{"self":[{"href":"https:\/\/mesqcaravan.com\/de\/wp-json\/wp\/v2\/pages\/11201","targetHints":{"allow":["GET"]}}],"collection":[{"href":"https:\/\/mesqcaravan.com\/de\/wp-json\/wp\/v2\/pages"}],"about":[{"href":"https:\/\/mesqcaravan.com\/de\/wp-json\/wp\/v2\/types\/page"}],"author":[{"embeddable":true,"href":"https:\/\/mesqcaravan.com\/de\/wp-json\/wp\/v2\/users\/1"}],"replies":[{"embeddable":true,"href":"https:\/\/mesqcaravan.com\/de\/wp-json\/wp\/v2\/comments?post=11201"}],"version-history":[{"count":32,"href":"https:\/\/mesqcaravan.com\/de\/wp-json\/wp\/v2\/pages\/11201\/revisions"}],"predecessor-version":[{"id":11604,"href":"https:\/\/mesqcaravan.com\/de\/wp-json\/wp\/v2\/pages\/11201\/revisions\/11604"}],"wp:attachment":[{"href":"https:\/\/mesqcaravan.com\/de\/wp-json\/wp\/v2\/media?parent=11201"}],"curies":[{"name":"wp","href":"https:\/\/api.w.org\/{rel}","templated":true}]}}